{"id":12430,"date":"2021-05-11T13:40:04","date_gmt":"2021-05-11T11:40:04","guid":{"rendered":"https:\/\/www.fundacionfabre.org\/annual-report-2020\/cena-benefica\/"},"modified":"2021-05-12T11:50:17","modified_gmt":"2021-05-12T09:50:17","slug":"benefit-dinner","status":"publish","type":"page","link":"https:\/\/www.fundacionfabre.org\/en\/annual-report-2020\/benefit-dinner\/","title":{"rendered":"Benefit dinner 6th march 2020"},"content":{"rendered":"<div class=\"wpb-content-wrapper\"><p>[vc_row css_animation=&#8221;&#8221; row_type=&#8221;row&#8221; use_row_as_full_screen_section=&#8221;no&#8221; type=&#8221;grid&#8221; angled_section=&#8221;no&#8221; text_align=&#8221;left&#8221; background_image_as_pattern=&#8221;without_pattern&#8221; z_index=&#8221;&#8221; background_color=&#8221;#003c65&#8243; el_class=&#8221;header-proyectos dark&#8221; padding_top=&#8221;75&#8243; padding_bottom=&#8221;75&#8243;][vc_column width=&#8221;1\/2&#8243;][vc_column_text]<\/p>\n<h1>Benefit dinner 6th march 2020<\/h1>\n<p>[\/vc_column_text][vc_column_text el_class=&#8221;breadcrumbs&#8221;]<\/p>\n<ul>\n<li>Annual Report 2020<\/li>\n<li>Actions<\/li>\n<li>Benefit dinner<\/li>\n<\/ul>\n<p>[\/vc_column_text][\/vc_column][vc_column width=&#8221;1\/2&#8243;][\/vc_column][\/vc_row][vc_row css_animation=&#8221;&#8221; row_type=&#8221;row&#8221; use_row_as_full_screen_section=&#8221;no&#8221; type=&#8221;grid&#8221; angled_section=&#8221;no&#8221; text_align=&#8221;left&#8221; background_image_as_pattern=&#8221;without_pattern&#8221; z_index=&#8221;&#8221; padding_top=&#8221;50&#8243;][vc_column][vc_raw_html el_class=&#8221;btn-volver&#8221;]JTNDYSUyMGNsYXNzJTNEJTIyYW5jaG9yJTIyJTIwaHJlZiUzRCUyMiUyRmVuJTJGYW5udWFsLXJlcG9ydC0yMDIwJTJGJTIzYWN0aW9ucyUyMiUzRSUzQ2klMjBjbGFzcyUzRCUyMnJpLWFycm93LWxlZnQtbGluZSUyMiUzRSUzQyUyRmklM0UlMjBCYWNrJTIwdG8lMjBBbm51YWwlMjBSZXBvcnQlM0MlMkZhJTNF[\/vc_raw_html][\/vc_column][\/vc_row][vc_row css_animation=&#8221;&#8221; row_type=&#8221;row&#8221; use_row_as_full_screen_section=&#8221;no&#8221; type=&#8221;grid&#8221; angled_section=&#8221;no&#8221; text_align=&#8221;left&#8221; background_image_as_pattern=&#8221;without_pattern&#8221; z_index=&#8221;&#8221; padding_bottom=&#8221;50&#8243;][vc_column width=&#8221;1\/6&#8243;][\/vc_column][vc_column width=&#8221;2\/3&#8243;][vc_empty_space height=&#8221;500px&#8221; image_repeat=&#8221;no-repeat&#8221; el_class=&#8221;foto-destacada&#8221; background_image=&#8221;12322&#8243;][vc_column_text el_class=&#8221;carta-texto&#8221; css=&#8221;.vc_custom_1620812926876{margin-top: 35px !important;}&#8221;]On March 6th, we held a wonderful benefit dinner at the Intercontinental Hotel in Madrid in honour of the Junkabal Foundation, which works mainly with women&#8217;s groups and their families in Guatemala City. Together with them, social entrepreneurship projects are carried out, as well as improving the nutrition and health conditions of this group. Nearly 200 people attended the dinner and \u20ac8,788 was raised. These funds have already been sent to Guatemala.<\/p>\n<p>It was a night full of special moments, which would not have been possible to celebrate without the invaluable support of great collaborators who joined this event such as the Hotel Intercontinental de Madrid, Amalia, Bacardi, Bearwood, the florist Florida Garden, Farmacia Conde, Fundaci\u00f3n Conchita Regojo, Halc\u00f3n Viajes, Hilo Fusi\u00f3n, Imaxde, Le\u00f3n The Baker, Marmott, Miem Sagasto, Mirto, O. Miaq Clinic, Partenon, Puerto Bah\u00eda, Terin Gallo, BV, Vitaclass, and last but not least Bodegas Theasurus.<\/p>\n<p>Many thanks to all of you for your company and support, it was wonderful to share such a lovely dinner and to be able to do it with such a noble objective![\/vc_column_text][\/vc_column][vc_column width=&#8221;1\/6&#8243;][\/vc_column][\/vc_row][vc_row css_animation=&#8221;&#8221; row_type=&#8221;row&#8221; use_row_as_full_screen_section=&#8221;no&#8221; type=&#8221;grid&#8221; angled_section=&#8221;no&#8221; text_align=&#8221;left&#8221; background_image_as_pattern=&#8221;without_pattern&#8221; z_index=&#8221;&#8221; padding_bottom=&#8221;100&#8243; el_id=&#8221;ant-sig&#8221;][vc_column width=&#8221;1\/2&#8243;][vc_raw_html el_class=&#8221;btn-volver align-right&#8221;]JTNDYSUyMGhyZWYlM0QlMjIlMkZlbiUyRmFubnVhbC1yZXBvcnQtMjAyMCUyRmJlLXRoZS1jaGFuZ2Utd2Vic2l0ZSUyRiUyMiUzRSUzQ2klMjBjbGFzcyUzRCUyMnJpLWFycm93LWxlZnQtbGluZSUyMiUzRSUzQyUyRmklM0UlMjBQcmV2aW91cyUyMGFydGljbGUlM0MlMkZhJTNF[\/vc_raw_html][\/vc_column][vc_column width=&#8221;1\/2&#8243;][vc_raw_html el_class=&#8221;btn-volver&#8221;]JTNDYSUyMGhyZWYlM0QlMjIlMkZlbiUyRmFubnVhbC1yZXBvcnQtMjAyMCUyRmh1Z3MtaW5pdGlhdGl2ZSUyRiUyMiUzRU5leHQlMjBhcnRpY2xlJTIwJTNDaSUyMGNsYXNzJTNEJTIycmktYXJyb3ctcmlnaHQtbGluZSUyMiUzRSUzQyUyRmklM0UlM0MlMkZhJTNF[\/vc_raw_html][\/vc_column][\/vc_row]<\/p>\n<\/div>","protected":false},"excerpt":{"rendered":"<p>[vc_row css_animation=&#8221;&#8221; row_type=&#8221;row&#8221; use_row_as_full_screen_section=&#8221;no&#8221; type=&#8221;grid&#8221; angled_section=&#8221;no&#8221; text_align=&#8221;left&#8221; background_image_as_pattern=&#8221;without_pattern&#8221; z_index=&#8221;&#8221; background_color=&#8221;#003c65&#8243; el_class=&#8221;header-proyectos dark&#8221; padding_top=&#8221;75&#8243; padding_bottom=&#8221;75&#8243;][vc_column width=&#8221;1\/2&#8243;][vc_column_text] Benefit dinner 6th march 2020 [\/vc_column_text][vc_column_text el_class=&#8221;breadcrumbs&#8221;] Annual Report 2020 Actions Benefit dinner [\/vc_column_text][\/vc_column][vc_column width=&#8221;1\/2&#8243;][\/vc_column][\/vc_row][vc_row css_animation=&#8221;&#8221; row_type=&#8221;row&#8221; use_row_as_full_screen_section=&#8221;no&#8221; type=&#8221;grid&#8221; angled_section=&#8221;no&#8221; text_align=&#8221;left&#8221; background_image_as_pattern=&#8221;without_pattern&#8221; z_index=&#8221;&#8221; padding_top=&#8221;50&#8243;][vc_column][vc_raw_html el_class=&#8221;btn-volver&#8221;]JTNDYSUyMGNsYXNzJTNEJTIyYW5jaG9yJTIyJTIwaHJlZiUzRCUyMiUyRmVuJTJGYW5udWFsLXJlcG9ydC0yMDIwJTJGJTIzYWN0aW9ucyUyMiUzRSUzQ2klMjBjbGFzcyUzRCUyMnJpLWFycm93LWxlZnQtbGluZSUyMiUzRSUzQyUyRmklM0UlMjBCYWNrJTIwdG8lMjBBbm51YWwlMjBSZXBvcnQlM0MlMkZhJTNF[\/vc_raw_html][\/vc_column][\/vc_row][vc_row css_animation=&#8221;&#8221; row_type=&#8221;row&#8221; use_row_as_full_screen_section=&#8221;no&#8221; type=&#8221;grid&#8221; angled_section=&#8221;no&#8221;&#8230;<\/p>\n","protected":false},"author":1,"featured_media":12323,"parent":12370,"menu_order":0,"comment_status":"closed","ping_status":"closed","template":"full_width.php","meta":{"give_campaign_id":0,"footnotes":""},"class_list":["post-12430","page","type-page","status-publish","has-post-thumbnail","hentry"],"yoast_head":"<!-- This site is optimized with the Yoast SEO plugin v27.6 - https:\/\/yoast.com\/product\/yoast-seo-wordpress\/ -->\n<title>Benefit dinner 6th march 2020 - FABRE Foundation<\/title>\n<meta name=\"robots\" content=\"index, follow, max-snippet:-1, max-image-preview:large, max-video-preview:-1\" \/>\n<link rel=\"canonical\" href=\"https:\/\/www.fundacionfabre.org\/en\/annual-report-2020\/benefit-dinner\/\" \/>\n<meta property=\"og:locale\" content=\"en_US\" \/>\n<meta property=\"og:type\" content=\"article\" \/>\n<meta property=\"og:title\" content=\"Benefit dinner 6th march 2020 - FABRE Foundation\" \/>\n<meta property=\"og:description\" content=\"[vc_row css_animation=&#8221;&#8221; row_type=&#8221;row&#8221; use_row_as_full_screen_section=&#8221;no&#8221; type=&#8221;grid&#8221; angled_section=&#8221;no&#8221; text_align=&#8221;left&#8221; background_image_as_pattern=&#8221;without_pattern&#8221; z_index=&#8221;&#8221; background_color=&#8221;#003c65&#8243; el_class=&#8221;header-proyectos dark&#8221; padding_top=&#8221;75&#8243; padding_bottom=&#8221;75&#8243;][vc_column width=&#8221;1\/2&#8243;][vc_column_text] Benefit dinner 6th march 2020 [\/vc_column_text][vc_column_text el_class=&#8221;breadcrumbs&#8221;] Annual Report 2020 Actions Benefit dinner [\/vc_column_text][\/vc_column][vc_column width=&#8221;1\/2&#8243;][\/vc_column][\/vc_row][vc_row css_animation=&#8221;&#8221; row_type=&#8221;row&#8221; use_row_as_full_screen_section=&#8221;no&#8221; type=&#8221;grid&#8221; angled_section=&#8221;no&#8221; text_align=&#8221;left&#8221; background_image_as_pattern=&#8221;without_pattern&#8221; z_index=&#8221;&#8221; padding_top=&#8221;50&#8243;][vc_column][vc_raw_html el_class=&#8221;btn-volver&#8221;]JTNDYSUyMGNsYXNzJTNEJTIyYW5jaG9yJTIyJTIwaHJlZiUzRCUyMiUyRmVuJTJGYW5udWFsLXJlcG9ydC0yMDIwJTJGJTIzYWN0aW9ucyUyMiUzRSUzQ2klMjBjbGFzcyUzRCUyMnJpLWFycm93LWxlZnQtbGluZSUyMiUzRSUzQyUyRmklM0UlMjBCYWNrJTIwdG8lMjBBbm51YWwlMjBSZXBvcnQlM0MlMkZhJTNF[\/vc_raw_html][\/vc_column][\/vc_row][vc_row css_animation=&#8221;&#8221; row_type=&#8221;row&#8221; use_row_as_full_screen_section=&#8221;no&#8221; type=&#8221;grid&#8221; angled_section=&#8221;no&#8221;...\" \/>\n<meta property=\"og:url\" content=\"https:\/\/www.fundacionfabre.org\/en\/annual-report-2020\/benefit-dinner\/\" \/>\n<meta property=\"og:site_name\" content=\"FABRE Foundation\" \/>\n<meta property=\"article:modified_time\" content=\"2021-05-12T09:50:17+00:00\" \/>\n<meta property=\"og:image\" content=\"https:\/\/www.fundacionfabre.org\/wp-content\/uploads\/2021\/05\/FABRE-MA2020-noticia-cena.jpg\" \/>\n\t<meta property=\"og:image:width\" content=\"1227\" \/>\n\t<meta property=\"og:image:height\" content=\"817\" \/>\n\t<meta property=\"og:image:type\" content=\"image\/jpeg\" \/>\n<meta name=\"twitter:card\" content=\"summary_large_image\" \/>\n<meta name=\"twitter:label1\" content=\"Est. reading time\" \/>\n\t<meta name=\"twitter:data1\" content=\"2 minutes\" \/>\n<script type=\"application\/ld+json\" class=\"yoast-schema-graph\">{\"@context\":\"https:\\\/\\\/schema.org\",\"@graph\":[{\"@type\":\"WebPage\",\"@id\":\"https:\\\/\\\/www.fundacionfabre.org\\\/en\\\/annual-report-2020\\\/benefit-dinner\\\/\",\"url\":\"https:\\\/\\\/www.fundacionfabre.org\\\/en\\\/annual-report-2020\\\/benefit-dinner\\\/\",\"name\":\"Benefit dinner 6th march 2020 - FABRE Foundation\",\"isPartOf\":{\"@id\":\"https:\\\/\\\/www.fundacionfabre.org\\\/en\\\/#website\"},\"primaryImageOfPage\":{\"@id\":\"https:\\\/\\\/www.fundacionfabre.org\\\/en\\\/annual-report-2020\\\/benefit-dinner\\\/#primaryimage\"},\"image\":{\"@id\":\"https:\\\/\\\/www.fundacionfabre.org\\\/en\\\/annual-report-2020\\\/benefit-dinner\\\/#primaryimage\"},\"thumbnailUrl\":\"https:\\\/\\\/www.fundacionfabre.org\\\/wp-content\\\/uploads\\\/2021\\\/05\\\/FABRE-MA2020-noticia-cena.jpg\",\"datePublished\":\"2021-05-11T11:40:04+00:00\",\"dateModified\":\"2021-05-12T09:50:17+00:00\",\"breadcrumb\":{\"@id\":\"https:\\\/\\\/www.fundacionfabre.org\\\/en\\\/annual-report-2020\\\/benefit-dinner\\\/#breadcrumb\"},\"inLanguage\":\"en-US\",\"potentialAction\":[{\"@type\":\"ReadAction\",\"target\":[\"https:\\\/\\\/www.fundacionfabre.org\\\/en\\\/annual-report-2020\\\/benefit-dinner\\\/\"]}]},{\"@type\":\"ImageObject\",\"inLanguage\":\"en-US\",\"@id\":\"https:\\\/\\\/www.fundacionfabre.org\\\/en\\\/annual-report-2020\\\/benefit-dinner\\\/#primaryimage\",\"url\":\"https:\\\/\\\/www.fundacionfabre.org\\\/wp-content\\\/uploads\\\/2021\\\/05\\\/FABRE-MA2020-noticia-cena.jpg\",\"contentUrl\":\"https:\\\/\\\/www.fundacionfabre.org\\\/wp-content\\\/uploads\\\/2021\\\/05\\\/FABRE-MA2020-noticia-cena.jpg\",\"width\":1227,\"height\":817,\"caption\":\"Cena\"},{\"@type\":\"BreadcrumbList\",\"@id\":\"https:\\\/\\\/www.fundacionfabre.org\\\/en\\\/annual-report-2020\\\/benefit-dinner\\\/#breadcrumb\",\"itemListElement\":[{\"@type\":\"ListItem\",\"position\":1,\"name\":\"Portada\",\"item\":\"https:\\\/\\\/www.fundacionfabre.org\\\/en\\\/home\\\/\"},{\"@type\":\"ListItem\",\"position\":2,\"name\":\"Annual Report 2020\",\"item\":\"https:\\\/\\\/www.fundacionfabre.org\\\/en\\\/annual-report-2020\\\/\"},{\"@type\":\"ListItem\",\"position\":3,\"name\":\"Benefit dinner 6th march 2020\"}]},{\"@type\":\"WebSite\",\"@id\":\"https:\\\/\\\/www.fundacionfabre.org\\\/en\\\/#website\",\"url\":\"https:\\\/\\\/www.fundacionfabre.org\\\/en\\\/\",\"name\":\"Fundaci\u00f3n FABRE\",\"description\":\"Giving opportunities to transform the world\",\"publisher\":{\"@id\":\"https:\\\/\\\/www.fundacionfabre.org\\\/en\\\/#organization\"},\"potentialAction\":[{\"@type\":\"SearchAction\",\"target\":{\"@type\":\"EntryPoint\",\"urlTemplate\":\"https:\\\/\\\/www.fundacionfabre.org\\\/en\\\/?s={search_term_string}\"},\"query-input\":{\"@type\":\"PropertyValueSpecification\",\"valueRequired\":true,\"valueName\":\"search_term_string\"}}],\"inLanguage\":\"en-US\"},{\"@type\":\"Organization\",\"@id\":\"https:\\\/\\\/www.fundacionfabre.org\\\/en\\\/#organization\",\"name\":\"Fundaci\u00f3n FABRE\",\"url\":\"https:\\\/\\\/www.fundacionfabre.org\\\/en\\\/\",\"logo\":{\"@type\":\"ImageObject\",\"inLanguage\":\"en-US\",\"@id\":\"https:\\\/\\\/www.fundacionfabre.org\\\/en\\\/#\\\/schema\\\/logo\\\/image\\\/\",\"url\":\"https:\\\/\\\/www.fundacionfabre.org\\\/wp-content\\\/uploads\\\/2022\\\/09\\\/FundacionFABRE-Logo-Emails.png\",\"contentUrl\":\"https:\\\/\\\/www.fundacionfabre.org\\\/wp-content\\\/uploads\\\/2022\\\/09\\\/FundacionFABRE-Logo-Emails.png\",\"width\":1024,\"height\":337,\"caption\":\"Fundaci\u00f3n FABRE\"},\"image\":{\"@id\":\"https:\\\/\\\/www.fundacionfabre.org\\\/en\\\/#\\\/schema\\\/logo\\\/image\\\/\"}}]}<\/script>\n<!-- \/ Yoast SEO plugin. -->","yoast_head_json":{"title":"Benefit dinner 6th march 2020 - FABRE Foundation","robots":{"index":"index","follow":"follow","max-snippet":"max-snippet:-1","max-image-preview":"max-image-preview:large","max-video-preview":"max-video-preview:-1"},"canonical":"https:\/\/www.fundacionfabre.org\/en\/annual-report-2020\/benefit-dinner\/","og_locale":"en_US","og_type":"article","og_title":"Benefit dinner 6th march 2020 - FABRE Foundation","og_description":"[vc_row css_animation=&#8221;&#8221; row_type=&#8221;row&#8221; use_row_as_full_screen_section=&#8221;no&#8221; type=&#8221;grid&#8221; angled_section=&#8221;no&#8221; text_align=&#8221;left&#8221; background_image_as_pattern=&#8221;without_pattern&#8221; z_index=&#8221;&#8221; background_color=&#8221;#003c65&#8243; el_class=&#8221;header-proyectos dark&#8221; padding_top=&#8221;75&#8243; padding_bottom=&#8221;75&#8243;][vc_column width=&#8221;1\/2&#8243;][vc_column_text] Benefit dinner 6th march 2020 [\/vc_column_text][vc_column_text el_class=&#8221;breadcrumbs&#8221;] Annual Report 2020 Actions Benefit dinner [\/vc_column_text][\/vc_column][vc_column width=&#8221;1\/2&#8243;][\/vc_column][\/vc_row][vc_row css_animation=&#8221;&#8221; row_type=&#8221;row&#8221; use_row_as_full_screen_section=&#8221;no&#8221; type=&#8221;grid&#8221; angled_section=&#8221;no&#8221; text_align=&#8221;left&#8221; background_image_as_pattern=&#8221;without_pattern&#8221; z_index=&#8221;&#8221; padding_top=&#8221;50&#8243;][vc_column][vc_raw_html el_class=&#8221;btn-volver&#8221;]JTNDYSUyMGNsYXNzJTNEJTIyYW5jaG9yJTIyJTIwaHJlZiUzRCUyMiUyRmVuJTJGYW5udWFsLXJlcG9ydC0yMDIwJTJGJTIzYWN0aW9ucyUyMiUzRSUzQ2klMjBjbGFzcyUzRCUyMnJpLWFycm93LWxlZnQtbGluZSUyMiUzRSUzQyUyRmklM0UlMjBCYWNrJTIwdG8lMjBBbm51YWwlMjBSZXBvcnQlM0MlMkZhJTNF[\/vc_raw_html][\/vc_column][\/vc_row][vc_row css_animation=&#8221;&#8221; row_type=&#8221;row&#8221; use_row_as_full_screen_section=&#8221;no&#8221; type=&#8221;grid&#8221; angled_section=&#8221;no&#8221;...","og_url":"https:\/\/www.fundacionfabre.org\/en\/annual-report-2020\/benefit-dinner\/","og_site_name":"FABRE Foundation","article_modified_time":"2021-05-12T09:50:17+00:00","og_image":[{"width":1227,"height":817,"url":"https:\/\/www.fundacionfabre.org\/wp-content\/uploads\/2021\/05\/FABRE-MA2020-noticia-cena.jpg","type":"image\/jpeg"}],"twitter_card":"summary_large_image","twitter_misc":{"Est. reading time":"2 minutes"},"schema":{"@context":"https:\/\/schema.org","@graph":[{"@type":"WebPage","@id":"https:\/\/www.fundacionfabre.org\/en\/annual-report-2020\/benefit-dinner\/","url":"https:\/\/www.fundacionfabre.org\/en\/annual-report-2020\/benefit-dinner\/","name":"Benefit dinner 6th march 2020 - FABRE Foundation","isPartOf":{"@id":"https:\/\/www.fundacionfabre.org\/en\/#website"},"primaryImageOfPage":{"@id":"https:\/\/www.fundacionfabre.org\/en\/annual-report-2020\/benefit-dinner\/#primaryimage"},"image":{"@id":"https:\/\/www.fundacionfabre.org\/en\/annual-report-2020\/benefit-dinner\/#primaryimage"},"thumbnailUrl":"https:\/\/www.fundacionfabre.org\/wp-content\/uploads\/2021\/05\/FABRE-MA2020-noticia-cena.jpg","datePublished":"2021-05-11T11:40:04+00:00","dateModified":"2021-05-12T09:50:17+00:00","breadcrumb":{"@id":"https:\/\/www.fundacionfabre.org\/en\/annual-report-2020\/benefit-dinner\/#breadcrumb"},"inLanguage":"en-US","potentialAction":[{"@type":"ReadAction","target":["https:\/\/www.fundacionfabre.org\/en\/annual-report-2020\/benefit-dinner\/"]}]},{"@type":"ImageObject","inLanguage":"en-US","@id":"https:\/\/www.fundacionfabre.org\/en\/annual-report-2020\/benefit-dinner\/#primaryimage","url":"https:\/\/www.fundacionfabre.org\/wp-content\/uploads\/2021\/05\/FABRE-MA2020-noticia-cena.jpg","contentUrl":"https:\/\/www.fundacionfabre.org\/wp-content\/uploads\/2021\/05\/FABRE-MA2020-noticia-cena.jpg","width":1227,"height":817,"caption":"Cena"},{"@type":"BreadcrumbList","@id":"https:\/\/www.fundacionfabre.org\/en\/annual-report-2020\/benefit-dinner\/#breadcrumb","itemListElement":[{"@type":"ListItem","position":1,"name":"Portada","item":"https:\/\/www.fundacionfabre.org\/en\/home\/"},{"@type":"ListItem","position":2,"name":"Annual Report 2020","item":"https:\/\/www.fundacionfabre.org\/en\/annual-report-2020\/"},{"@type":"ListItem","position":3,"name":"Benefit dinner 6th march 2020"}]},{"@type":"WebSite","@id":"https:\/\/www.fundacionfabre.org\/en\/#website","url":"https:\/\/www.fundacionfabre.org\/en\/","name":"Fundaci\u00f3n FABRE","description":"Giving opportunities to transform the world","publisher":{"@id":"https:\/\/www.fundacionfabre.org\/en\/#organization"},"potentialAction":[{"@type":"SearchAction","target":{"@type":"EntryPoint","urlTemplate":"https:\/\/www.fundacionfabre.org\/en\/?s={search_term_string}"},"query-input":{"@type":"PropertyValueSpecification","valueRequired":true,"valueName":"search_term_string"}}],"inLanguage":"en-US"},{"@type":"Organization","@id":"https:\/\/www.fundacionfabre.org\/en\/#organization","name":"Fundaci\u00f3n FABRE","url":"https:\/\/www.fundacionfabre.org\/en\/","logo":{"@type":"ImageObject","inLanguage":"en-US","@id":"https:\/\/www.fundacionfabre.org\/en\/#\/schema\/logo\/image\/","url":"https:\/\/www.fundacionfabre.org\/wp-content\/uploads\/2022\/09\/FundacionFABRE-Logo-Emails.png","contentUrl":"https:\/\/www.fundacionfabre.org\/wp-content\/uploads\/2022\/09\/FundacionFABRE-Logo-Emails.png","width":1024,"height":337,"caption":"Fundaci\u00f3n FABRE"},"image":{"@id":"https:\/\/www.fundacionfabre.org\/en\/#\/schema\/logo\/image\/"}}]}},"campaignId":"","_links":{"self":[{"href":"https:\/\/www.fundacionfabre.org\/en\/wp-json\/wp\/v2\/pages\/12430","targetHints":{"allow":["GET"]}}],"collection":[{"href":"https:\/\/www.fundacionfabre.org\/en\/wp-json\/wp\/v2\/pages"}],"about":[{"href":"https:\/\/www.fundacionfabre.org\/en\/wp-json\/wp\/v2\/types\/page"}],"author":[{"embeddable":true,"href":"https:\/\/www.fundacionfabre.org\/en\/wp-json\/wp\/v2\/users\/1"}],"replies":[{"embeddable":true,"href":"https:\/\/www.fundacionfabre.org\/en\/wp-json\/wp\/v2\/comments?post=12430"}],"version-history":[{"count":2,"href":"https:\/\/www.fundacionfabre.org\/en\/wp-json\/wp\/v2\/pages\/12430\/revisions"}],"predecessor-version":[{"id":12432,"href":"https:\/\/www.fundacionfabre.org\/en\/wp-json\/wp\/v2\/pages\/12430\/revisions\/12432"}],"up":[{"embeddable":true,"href":"https:\/\/www.fundacionfabre.org\/en\/wp-json\/wp\/v2\/pages\/12370"}],"wp:featuredmedia":[{"embeddable":true,"href":"https:\/\/www.fundacionfabre.org\/en\/wp-json\/wp\/v2\/media\/12323"}],"wp:attachment":[{"href":"https:\/\/www.fundacionfabre.org\/en\/wp-json\/wp\/v2\/media?parent=12430"}],"curies":[{"name":"wp","href":"https:\/\/api.w.org\/{rel}","templated":true}]}}