{"id":21116,"date":"2025-05-13T18:22:04","date_gmt":"2025-05-13T16:22:04","guid":{"rendered":"https:\/\/www.fundacionfabre.org\/?page_id=21116"},"modified":"2025-05-13T18:23:14","modified_gmt":"2025-05-13T16:23:14","slug":"fabre-charity-dinner","status":"publish","type":"page","link":"https:\/\/www.fundacionfabre.org\/en\/annual-report-2024\/fabre-charity-dinner\/","title":{"rendered":"Cena Ben\u00e9fica FABRE"},"content":{"rendered":"<div class=\"wpb-content-wrapper\"><p>[vc_row css_animation=&#8221;&#8221; row_type=&#8221;row&#8221; use_row_as_full_screen_section=&#8221;no&#8221; type=&#8221;grid&#8221; angled_section=&#8221;no&#8221; text_align=&#8221;left&#8221; background_image_as_pattern=&#8221;without_pattern&#8221; z_index=&#8221;&#8221; background_color=&#8221;#00000000&#8243; el_class=&#8221;header-proyectos dark gradient&#8221; padding_top=&#8221;75&#8243; padding_bottom=&#8221;75&#8243;][vc_column width=&#8221;2\/3&#8243;][vc_column_text css=&#8221;&#8221;]<\/p>\n<h1>FABRE Charity Dinner<\/h1>\n<p>[\/vc_column_text][vc_column_text css=&#8221;&#8221; el_class=&#8221;breadcrumbs&#8221;]<\/p>\n<ul>\n<li>Annual Report 2024<\/li>\n<li>Actions<\/li>\n<li>FABRE Charity Dinner<\/li>\n<\/ul>\n<p>[\/vc_column_text][\/vc_column][vc_column width=&#8221;1\/3&#8243;][\/vc_column][\/vc_row][vc_row css_animation=&#8221;&#8221; row_type=&#8221;row&#8221; use_row_as_full_screen_section=&#8221;no&#8221; type=&#8221;grid&#8221; angled_section=&#8221;no&#8221; text_align=&#8221;left&#8221; background_image_as_pattern=&#8221;without_pattern&#8221; z_index=&#8221;&#8221; padding_top=&#8221;50&#8243;][vc_column][vc_raw_html css=&#8221;&#8221; el_class=&#8221;btn-volver&#8221;]JTNDYSUyMGNsYXNzJTNEJTIyYW5jaG9yJTIyJTIwaHJlZiUzRCUyMiUyRmVuJTJGYW5udWFsLXJlcG9ydC0yMDI0JTJGJTIzYWN0aW9ucyUyMiUzRSUzQ2klMjBjbGFzcyUzRCUyMnJpLWFycm93LWxlZnQtbGluZSUyMiUzRSUzQyUyRmklM0UlMjBCYWNrJTIwdG8lMjBBbm51YWwlMjBSZXBvcnQlM0MlMkZhJTNF[\/vc_raw_html][\/vc_column][\/vc_row][vc_row css_animation=&#8221;&#8221; row_type=&#8221;row&#8221; use_row_as_full_screen_section=&#8221;no&#8221; type=&#8221;grid&#8221; angled_section=&#8221;no&#8221; text_align=&#8221;left&#8221; background_image_as_pattern=&#8221;without_pattern&#8221; z_index=&#8221;&#8221; padding_bottom=&#8221;50&#8243;][vc_column width=&#8221;1\/6&#8243;][\/vc_column][vc_column width=&#8221;2\/3&#8243;][vc_empty_space height=&#8221;500px&#8221; image_repeat=&#8221;no-repeat&#8221; el_class=&#8221;foto-destacada&#8221; background_image=&#8221;18975&#8243;][vc_column_text css=&#8221;.vc_custom_1747153295840{margin-top: 35px !important;}&#8221; el_class=&#8221;carta-texto&#8221;]On behalf of Fabre Foundation Board of Trustees we would like to convey in this Annual Report our most sincere thanks for joining us at the 2023 FABRE Annual Dinner.<\/p>\n<p>Thanks for the participation of the 298 people who attended the event, those who collaborated making generous donations in row zero, and those who bought tickets for the charity raffle, which raised the amount of 13.440 euros. This amount will be entirely dedicated to the <strong>Project to Fight Sickle Cell Disease in Ivory Coast in Wal\u00e9<\/strong>.<\/p>\n<p>We also thank Rub\u00e9n Ortega P\u00e9rez for his the generous collaboration and the Sponsors who donated gifts for the raffle: MOWANA TRAVEL, LA TREBERE MARIA LAMADRID, FARMACIA CONDE. APPARELLE, PURAMENTE 23, PALOMAPALAMI, LIDIA BARON CARTERING, PARTEN\u00d3N, HOTEL VITAL CLASSS LANZAROTE, MIRTO, LEON BAKER, OMIAQ CLINIC, VINOS DE BELLOTA, FUNDACION CONCHITA REGOJO, VIAJES HALC\u00d3N VALLADOLID, HILOFUSION MANIQUIES, JOYERIA TER\u00cdN, BACARDI, DELIKATIA, BEARWOOD, HOTEL PUERTO BAH\u00cdA, HOTEL INTERCONTINENTAL, FLORIDA GARDEN.[\/vc_column_text][\/vc_column][vc_column width=&#8221;1\/6&#8243;][\/vc_column][\/vc_row][vc_row css_animation=&#8221;&#8221; row_type=&#8221;row&#8221; use_row_as_full_screen_section=&#8221;no&#8221; type=&#8221;grid&#8221; angled_section=&#8221;no&#8221; text_align=&#8221;left&#8221; background_image_as_pattern=&#8221;without_pattern&#8221; z_index=&#8221;&#8221; padding_bottom=&#8221;100&#8243; el_id=&#8221;ant-sig&#8221;][vc_column width=&#8221;1\/2&#8243;][vc_raw_html css=&#8221;&#8221; el_class=&#8221;btn-volver align-right&#8221;]JTNDYSUyMGhyZWYlM0QlMjIlMkZlbiUyRmFubnVhbC1yZXBvcnQtMjAyNCUyRmJvbGl2aWEtYXNzb2NpYXRlZC13b21lbi1wcm9kdWNlcnMlMkYlMjIlM0UlM0NpJTIwY2xhc3MlM0QlMjJyaS1hcnJvdy1sZWZ0LWxpbmUlMjIlM0UlM0MlMkZpJTNFJTIwUHJldmlvdXMlMjBhcnRpY2xlJTNDJTJGYSUzRQ==[\/vc_raw_html][\/vc_column][vc_column width=&#8221;1\/2&#8243;][vc_raw_html css=&#8221;&#8221; el_class=&#8221;btn-volver&#8221;]JTNDYSUyMGhyZWYlM0QlMjIlMkZlbiUyRmFubnVhbC1yZXBvcnQtMjAyNCUyRmN5bC10ZWFjaGluZy1tZWV0aW5nJTJGJTIyJTNFTmV4dCUyMGFydGljbGUlMjAlM0NpJTIwY2xhc3MlM0QlMjJyaS1hcnJvdy1yaWdodC1saW5lJTIyJTNFJTNDJTJGaSUzRSUzQyUyRmElM0U=[\/vc_raw_html][\/vc_column][\/vc_row]<\/p>\n<\/div>","protected":false},"excerpt":{"rendered":"<p>[vc_row css_animation=&#8221;&#8221; row_type=&#8221;row&#8221; use_row_as_full_screen_section=&#8221;no&#8221; type=&#8221;grid&#8221; angled_section=&#8221;no&#8221; text_align=&#8221;left&#8221; background_image_as_pattern=&#8221;without_pattern&#8221; z_index=&#8221;&#8221; background_color=&#8221;#00000000&#8243; el_class=&#8221;header-proyectos dark gradient&#8221; padding_top=&#8221;75&#8243; padding_bottom=&#8221;75&#8243;][vc_column width=&#8221;2\/3&#8243;][vc_column_text css=&#8221;&#8221;] FABRE Charity Dinner [\/vc_column_text][vc_column_text css=&#8221;&#8221; el_class=&#8221;breadcrumbs&#8221;] Annual Report 2024 Actions FABRE Charity Dinner [\/vc_column_text][\/vc_column][vc_column width=&#8221;1\/3&#8243;][\/vc_column][\/vc_row][vc_row css_animation=&#8221;&#8221; row_type=&#8221;row&#8221; use_row_as_full_screen_section=&#8221;no&#8221; type=&#8221;grid&#8221; angled_section=&#8221;no&#8221; text_align=&#8221;left&#8221; background_image_as_pattern=&#8221;without_pattern&#8221; z_index=&#8221;&#8221; padding_top=&#8221;50&#8243;][vc_column][vc_raw_html css=&#8221;&#8221; el_class=&#8221;btn-volver&#8221;]JTNDYSUyMGNsYXNzJTNEJTIyYW5jaG9yJTIyJTIwaHJlZiUzRCUyMiUyRmVuJTJGYW5udWFsLXJlcG9ydC0yMDI0JTJGJTIzYWN0aW9ucyUyMiUzRSUzQ2klMjBjbGFzcyUzRCUyMnJpLWFycm93LWxlZnQtbGluZSUyMiUzRSUzQyUyRmklM0UlMjBCYWNrJTIwdG8lMjBBbm51YWwlMjBSZXBvcnQlM0MlMkZhJTNF[\/vc_raw_html][\/vc_column][\/vc_row][vc_row css_animation=&#8221;&#8221; row_type=&#8221;row&#8221;&#8230;<\/p>\n","protected":false},"author":1,"featured_media":18975,"parent":20960,"menu_order":0,"comment_status":"closed","ping_status":"closed","template":"full_width.php","meta":{"give_campaign_id":0,"footnotes":""},"class_list":["post-21116","page","type-page","status-publish","has-post-thumbnail","hentry"],"yoast_head":"<!-- This site is optimized with the Yoast SEO plugin v27.6 - https:\/\/yoast.com\/product\/yoast-seo-wordpress\/ -->\n<title>Cena Ben\u00e9fica FABRE - FABRE Foundation<\/title>\n<meta name=\"robots\" content=\"index, follow, max-snippet:-1, max-image-preview:large, max-video-preview:-1\" \/>\n<link rel=\"canonical\" href=\"https:\/\/www.fundacionfabre.org\/en\/annual-report-2024\/fabre-charity-dinner\/\" \/>\n<meta property=\"og:locale\" content=\"en_US\" \/>\n<meta property=\"og:type\" content=\"article\" \/>\n<meta property=\"og:title\" content=\"Cena Ben\u00e9fica FABRE - FABRE Foundation\" \/>\n<meta property=\"og:description\" content=\"[vc_row css_animation=&#8221;&#8221; row_type=&#8221;row&#8221; use_row_as_full_screen_section=&#8221;no&#8221; type=&#8221;grid&#8221; angled_section=&#8221;no&#8221; text_align=&#8221;left&#8221; background_image_as_pattern=&#8221;without_pattern&#8221; z_index=&#8221;&#8221; background_color=&#8221;#00000000&#8243; el_class=&#8221;header-proyectos dark gradient&#8221; padding_top=&#8221;75&#8243; padding_bottom=&#8221;75&#8243;][vc_column width=&#8221;2\/3&#8243;][vc_column_text css=&#8221;&#8221;] FABRE Charity Dinner [\/vc_column_text][vc_column_text css=&#8221;&#8221; el_class=&#8221;breadcrumbs&#8221;] Annual Report 2024 Actions FABRE Charity Dinner [\/vc_column_text][\/vc_column][vc_column width=&#8221;1\/3&#8243;][\/vc_column][\/vc_row][vc_row css_animation=&#8221;&#8221; row_type=&#8221;row&#8221; use_row_as_full_screen_section=&#8221;no&#8221; type=&#8221;grid&#8221; angled_section=&#8221;no&#8221; text_align=&#8221;left&#8221; background_image_as_pattern=&#8221;without_pattern&#8221; z_index=&#8221;&#8221; padding_top=&#8221;50&#8243;][vc_column][vc_raw_html css=&#8221;&#8221; el_class=&#8221;btn-volver&#8221;]JTNDYSUyMGNsYXNzJTNEJTIyYW5jaG9yJTIyJTIwaHJlZiUzRCUyMiUyRmVuJTJGYW5udWFsLXJlcG9ydC0yMDI0JTJGJTIzYWN0aW9ucyUyMiUzRSUzQ2klMjBjbGFzcyUzRCUyMnJpLWFycm93LWxlZnQtbGluZSUyMiUzRSUzQyUyRmklM0UlMjBCYWNrJTIwdG8lMjBBbm51YWwlMjBSZXBvcnQlM0MlMkZhJTNF[\/vc_raw_html][\/vc_column][\/vc_row][vc_row css_animation=&#8221;&#8221; row_type=&#8221;row&#8221;...\" \/>\n<meta property=\"og:url\" content=\"https:\/\/www.fundacionfabre.org\/en\/annual-report-2024\/fabre-charity-dinner\/\" \/>\n<meta property=\"og:site_name\" content=\"FABRE Foundation\" \/>\n<meta property=\"article:modified_time\" content=\"2025-05-13T16:23:14+00:00\" \/>\n<meta property=\"og:image\" content=\"https:\/\/www.fundacionfabre.org\/wp-content\/uploads\/2024\/03\/Fundacion-FABRE-Cena-2024-11.jpg\" \/>\n\t<meta property=\"og:image:width\" content=\"1024\" \/>\n\t<meta property=\"og:image:height\" content=\"683\" \/>\n\t<meta property=\"og:image:type\" content=\"image\/jpeg\" \/>\n<meta name=\"twitter:card\" content=\"summary_large_image\" \/>\n<meta name=\"twitter:label1\" content=\"Est. reading time\" \/>\n\t<meta name=\"twitter:data1\" content=\"2 minutes\" \/>\n<script type=\"application\/ld+json\" class=\"yoast-schema-graph\">{\"@context\":\"https:\\\/\\\/schema.org\",\"@graph\":[{\"@type\":\"WebPage\",\"@id\":\"https:\\\/\\\/www.fundacionfabre.org\\\/en\\\/annual-report-2024\\\/fabre-charity-dinner\\\/\",\"url\":\"https:\\\/\\\/www.fundacionfabre.org\\\/en\\\/annual-report-2024\\\/fabre-charity-dinner\\\/\",\"name\":\"Cena Ben\u00e9fica FABRE - FABRE Foundation\",\"isPartOf\":{\"@id\":\"https:\\\/\\\/www.fundacionfabre.org\\\/en\\\/#website\"},\"primaryImageOfPage\":{\"@id\":\"https:\\\/\\\/www.fundacionfabre.org\\\/en\\\/annual-report-2024\\\/fabre-charity-dinner\\\/#primaryimage\"},\"image\":{\"@id\":\"https:\\\/\\\/www.fundacionfabre.org\\\/en\\\/annual-report-2024\\\/fabre-charity-dinner\\\/#primaryimage\"},\"thumbnailUrl\":\"https:\\\/\\\/www.fundacionfabre.org\\\/wp-content\\\/uploads\\\/2024\\\/03\\\/Fundacion-FABRE-Cena-2024-11.jpg\",\"datePublished\":\"2025-05-13T16:22:04+00:00\",\"dateModified\":\"2025-05-13T16:23:14+00:00\",\"breadcrumb\":{\"@id\":\"https:\\\/\\\/www.fundacionfabre.org\\\/en\\\/annual-report-2024\\\/fabre-charity-dinner\\\/#breadcrumb\"},\"inLanguage\":\"en-US\",\"potentialAction\":[{\"@type\":\"ReadAction\",\"target\":[\"https:\\\/\\\/www.fundacionfabre.org\\\/en\\\/annual-report-2024\\\/fabre-charity-dinner\\\/\"]}]},{\"@type\":\"ImageObject\",\"inLanguage\":\"en-US\",\"@id\":\"https:\\\/\\\/www.fundacionfabre.org\\\/en\\\/annual-report-2024\\\/fabre-charity-dinner\\\/#primaryimage\",\"url\":\"https:\\\/\\\/www.fundacionfabre.org\\\/wp-content\\\/uploads\\\/2024\\\/03\\\/Fundacion-FABRE-Cena-2024-11.jpg\",\"contentUrl\":\"https:\\\/\\\/www.fundacionfabre.org\\\/wp-content\\\/uploads\\\/2024\\\/03\\\/Fundacion-FABRE-Cena-2024-11.jpg\",\"width\":1024,\"height\":683},{\"@type\":\"BreadcrumbList\",\"@id\":\"https:\\\/\\\/www.fundacionfabre.org\\\/en\\\/annual-report-2024\\\/fabre-charity-dinner\\\/#breadcrumb\",\"itemListElement\":[{\"@type\":\"ListItem\",\"position\":1,\"name\":\"Portada\",\"item\":\"https:\\\/\\\/www.fundacionfabre.org\\\/en\\\/home\\\/\"},{\"@type\":\"ListItem\",\"position\":2,\"name\":\"Annual Report 2024\",\"item\":\"https:\\\/\\\/www.fundacionfabre.org\\\/en\\\/annual-report-2024\\\/\"},{\"@type\":\"ListItem\",\"position\":3,\"name\":\"Cena Ben\u00e9fica FABRE\"}]},{\"@type\":\"WebSite\",\"@id\":\"https:\\\/\\\/www.fundacionfabre.org\\\/en\\\/#website\",\"url\":\"https:\\\/\\\/www.fundacionfabre.org\\\/en\\\/\",\"name\":\"Fundaci\u00f3n FABRE\",\"description\":\"Giving opportunities to transform the world\",\"publisher\":{\"@id\":\"https:\\\/\\\/www.fundacionfabre.org\\\/en\\\/#organization\"},\"potentialAction\":[{\"@type\":\"SearchAction\",\"target\":{\"@type\":\"EntryPoint\",\"urlTemplate\":\"https:\\\/\\\/www.fundacionfabre.org\\\/en\\\/?s={search_term_string}\"},\"query-input\":{\"@type\":\"PropertyValueSpecification\",\"valueRequired\":true,\"valueName\":\"search_term_string\"}}],\"inLanguage\":\"en-US\"},{\"@type\":\"Organization\",\"@id\":\"https:\\\/\\\/www.fundacionfabre.org\\\/en\\\/#organization\",\"name\":\"Fundaci\u00f3n FABRE\",\"url\":\"https:\\\/\\\/www.fundacionfabre.org\\\/en\\\/\",\"logo\":{\"@type\":\"ImageObject\",\"inLanguage\":\"en-US\",\"@id\":\"https:\\\/\\\/www.fundacionfabre.org\\\/en\\\/#\\\/schema\\\/logo\\\/image\\\/\",\"url\":\"https:\\\/\\\/www.fundacionfabre.org\\\/wp-content\\\/uploads\\\/2022\\\/09\\\/FundacionFABRE-Logo-Emails.png\",\"contentUrl\":\"https:\\\/\\\/www.fundacionfabre.org\\\/wp-content\\\/uploads\\\/2022\\\/09\\\/FundacionFABRE-Logo-Emails.png\",\"width\":1024,\"height\":337,\"caption\":\"Fundaci\u00f3n FABRE\"},\"image\":{\"@id\":\"https:\\\/\\\/www.fundacionfabre.org\\\/en\\\/#\\\/schema\\\/logo\\\/image\\\/\"}}]}<\/script>\n<!-- \/ Yoast SEO plugin. -->","yoast_head_json":{"title":"Cena Ben\u00e9fica FABRE - FABRE Foundation","robots":{"index":"index","follow":"follow","max-snippet":"max-snippet:-1","max-image-preview":"max-image-preview:large","max-video-preview":"max-video-preview:-1"},"canonical":"https:\/\/www.fundacionfabre.org\/en\/annual-report-2024\/fabre-charity-dinner\/","og_locale":"en_US","og_type":"article","og_title":"Cena Ben\u00e9fica FABRE - FABRE Foundation","og_description":"[vc_row css_animation=&#8221;&#8221; row_type=&#8221;row&#8221; use_row_as_full_screen_section=&#8221;no&#8221; type=&#8221;grid&#8221; angled_section=&#8221;no&#8221; text_align=&#8221;left&#8221; background_image_as_pattern=&#8221;without_pattern&#8221; z_index=&#8221;&#8221; background_color=&#8221;#00000000&#8243; el_class=&#8221;header-proyectos dark gradient&#8221; padding_top=&#8221;75&#8243; padding_bottom=&#8221;75&#8243;][vc_column width=&#8221;2\/3&#8243;][vc_column_text css=&#8221;&#8221;] FABRE Charity Dinner [\/vc_column_text][vc_column_text css=&#8221;&#8221; el_class=&#8221;breadcrumbs&#8221;] Annual Report 2024 Actions FABRE Charity Dinner [\/vc_column_text][\/vc_column][vc_column width=&#8221;1\/3&#8243;][\/vc_column][\/vc_row][vc_row css_animation=&#8221;&#8221; row_type=&#8221;row&#8221; use_row_as_full_screen_section=&#8221;no&#8221; type=&#8221;grid&#8221; angled_section=&#8221;no&#8221; text_align=&#8221;left&#8221; background_image_as_pattern=&#8221;without_pattern&#8221; z_index=&#8221;&#8221; padding_top=&#8221;50&#8243;][vc_column][vc_raw_html css=&#8221;&#8221; el_class=&#8221;btn-volver&#8221;]JTNDYSUyMGNsYXNzJTNEJTIyYW5jaG9yJTIyJTIwaHJlZiUzRCUyMiUyRmVuJTJGYW5udWFsLXJlcG9ydC0yMDI0JTJGJTIzYWN0aW9ucyUyMiUzRSUzQ2klMjBjbGFzcyUzRCUyMnJpLWFycm93LWxlZnQtbGluZSUyMiUzRSUzQyUyRmklM0UlMjBCYWNrJTIwdG8lMjBBbm51YWwlMjBSZXBvcnQlM0MlMkZhJTNF[\/vc_raw_html][\/vc_column][\/vc_row][vc_row css_animation=&#8221;&#8221; row_type=&#8221;row&#8221;...","og_url":"https:\/\/www.fundacionfabre.org\/en\/annual-report-2024\/fabre-charity-dinner\/","og_site_name":"FABRE Foundation","article_modified_time":"2025-05-13T16:23:14+00:00","og_image":[{"width":1024,"height":683,"url":"https:\/\/www.fundacionfabre.org\/wp-content\/uploads\/2024\/03\/Fundacion-FABRE-Cena-2024-11.jpg","type":"image\/jpeg"}],"twitter_card":"summary_large_image","twitter_misc":{"Est. reading time":"2 minutes"},"schema":{"@context":"https:\/\/schema.org","@graph":[{"@type":"WebPage","@id":"https:\/\/www.fundacionfabre.org\/en\/annual-report-2024\/fabre-charity-dinner\/","url":"https:\/\/www.fundacionfabre.org\/en\/annual-report-2024\/fabre-charity-dinner\/","name":"Cena Ben\u00e9fica FABRE - FABRE Foundation","isPartOf":{"@id":"https:\/\/www.fundacionfabre.org\/en\/#website"},"primaryImageOfPage":{"@id":"https:\/\/www.fundacionfabre.org\/en\/annual-report-2024\/fabre-charity-dinner\/#primaryimage"},"image":{"@id":"https:\/\/www.fundacionfabre.org\/en\/annual-report-2024\/fabre-charity-dinner\/#primaryimage"},"thumbnailUrl":"https:\/\/www.fundacionfabre.org\/wp-content\/uploads\/2024\/03\/Fundacion-FABRE-Cena-2024-11.jpg","datePublished":"2025-05-13T16:22:04+00:00","dateModified":"2025-05-13T16:23:14+00:00","breadcrumb":{"@id":"https:\/\/www.fundacionfabre.org\/en\/annual-report-2024\/fabre-charity-dinner\/#breadcrumb"},"inLanguage":"en-US","potentialAction":[{"@type":"ReadAction","target":["https:\/\/www.fundacionfabre.org\/en\/annual-report-2024\/fabre-charity-dinner\/"]}]},{"@type":"ImageObject","inLanguage":"en-US","@id":"https:\/\/www.fundacionfabre.org\/en\/annual-report-2024\/fabre-charity-dinner\/#primaryimage","url":"https:\/\/www.fundacionfabre.org\/wp-content\/uploads\/2024\/03\/Fundacion-FABRE-Cena-2024-11.jpg","contentUrl":"https:\/\/www.fundacionfabre.org\/wp-content\/uploads\/2024\/03\/Fundacion-FABRE-Cena-2024-11.jpg","width":1024,"height":683},{"@type":"BreadcrumbList","@id":"https:\/\/www.fundacionfabre.org\/en\/annual-report-2024\/fabre-charity-dinner\/#breadcrumb","itemListElement":[{"@type":"ListItem","position":1,"name":"Portada","item":"https:\/\/www.fundacionfabre.org\/en\/home\/"},{"@type":"ListItem","position":2,"name":"Annual Report 2024","item":"https:\/\/www.fundacionfabre.org\/en\/annual-report-2024\/"},{"@type":"ListItem","position":3,"name":"Cena Ben\u00e9fica FABRE"}]},{"@type":"WebSite","@id":"https:\/\/www.fundacionfabre.org\/en\/#website","url":"https:\/\/www.fundacionfabre.org\/en\/","name":"Fundaci\u00f3n FABRE","description":"Giving opportunities to transform the world","publisher":{"@id":"https:\/\/www.fundacionfabre.org\/en\/#organization"},"potentialAction":[{"@type":"SearchAction","target":{"@type":"EntryPoint","urlTemplate":"https:\/\/www.fundacionfabre.org\/en\/?s={search_term_string}"},"query-input":{"@type":"PropertyValueSpecification","valueRequired":true,"valueName":"search_term_string"}}],"inLanguage":"en-US"},{"@type":"Organization","@id":"https:\/\/www.fundacionfabre.org\/en\/#organization","name":"Fundaci\u00f3n FABRE","url":"https:\/\/www.fundacionfabre.org\/en\/","logo":{"@type":"ImageObject","inLanguage":"en-US","@id":"https:\/\/www.fundacionfabre.org\/en\/#\/schema\/logo\/image\/","url":"https:\/\/www.fundacionfabre.org\/wp-content\/uploads\/2022\/09\/FundacionFABRE-Logo-Emails.png","contentUrl":"https:\/\/www.fundacionfabre.org\/wp-content\/uploads\/2022\/09\/FundacionFABRE-Logo-Emails.png","width":1024,"height":337,"caption":"Fundaci\u00f3n FABRE"},"image":{"@id":"https:\/\/www.fundacionfabre.org\/en\/#\/schema\/logo\/image\/"}}]}},"campaignId":"","_links":{"self":[{"href":"https:\/\/www.fundacionfabre.org\/en\/wp-json\/wp\/v2\/pages\/21116","targetHints":{"allow":["GET"]}}],"collection":[{"href":"https:\/\/www.fundacionfabre.org\/en\/wp-json\/wp\/v2\/pages"}],"about":[{"href":"https:\/\/www.fundacionfabre.org\/en\/wp-json\/wp\/v2\/types\/page"}],"author":[{"embeddable":true,"href":"https:\/\/www.fundacionfabre.org\/en\/wp-json\/wp\/v2\/users\/1"}],"replies":[{"embeddable":true,"href":"https:\/\/www.fundacionfabre.org\/en\/wp-json\/wp\/v2\/comments?post=21116"}],"version-history":[{"count":5,"href":"https:\/\/www.fundacionfabre.org\/en\/wp-json\/wp\/v2\/pages\/21116\/revisions"}],"predecessor-version":[{"id":21129,"href":"https:\/\/www.fundacionfabre.org\/en\/wp-json\/wp\/v2\/pages\/21116\/revisions\/21129"}],"up":[{"embeddable":true,"href":"https:\/\/www.fundacionfabre.org\/en\/wp-json\/wp\/v2\/pages\/20960"}],"wp:featuredmedia":[{"embeddable":true,"href":"https:\/\/www.fundacionfabre.org\/en\/wp-json\/wp\/v2\/media\/18975"}],"wp:attachment":[{"href":"https:\/\/www.fundacionfabre.org\/en\/wp-json\/wp\/v2\/media?parent=21116"}],"curies":[{"name":"wp","href":"https:\/\/api.w.org\/{rel}","templated":true}]}}